{"id":1734,"date":"2025-01-06T18:59:35","date_gmt":"2025-01-06T23:59:35","guid":{"rendered":"https:\/\/www.dyf.com.co\/2024\/?page_id=1734"},"modified":"2025-01-08T00:07:59","modified_gmt":"2025-01-08T05:07:59","slug":"ventiladores","status":"publish","type":"page","link":"https:\/\/www.dyf.com.co\/2024\/?page_id=1734","title":{"rendered":"Ventiladores"},"content":{"rendered":"\t\t<div data-elementor-type=\"wp-page\" data-elementor-id=\"1734\" class=\"elementor elementor-1734\" data-elementor-post-type=\"page\">\n\t\t\t\t\t\t<header class=\"elementor-section elementor-top-section elementor-element elementor-element-72bc2ad elementor-section-full_width elementor-section-height-min-height elementor-section-items-bottom elementor-section-height-default elementor-invisible\" data-id=\"72bc2ad\" data-element_type=\"section\" data-e-type=\"section\" data-settings=\"{&quot;background_background&quot;:&quot;classic&quot;,&quot;animation&quot;:&quot;fadeIn&quot;,&quot;animation_delay&quot;:50}\">\n\t\t\t\t\t\t\t<div class=\"elementor-background-overlay\"><\/div>\n\t\t\t\t\t\t\t<div class=\"elementor-container elementor-column-gap-no\">\n\t\t\t\t\t<div class=\"elementor-column elementor-col-100 elementor-top-column elementor-element elementor-element-1253055e\" data-id=\"1253055e\" data-element_type=\"column\" data-e-type=\"column\">\n\t\t\t<div class=\"elementor-widget-wrap elementor-element-populated\">\n\t\t\t\t\t\t<section class=\"elementor-section elementor-inner-section elementor-element elementor-element-6060ae6 elementor-section-content-bottom elementor-section-boxed elementor-section-height-default elementor-section-height-default\" data-id=\"6060ae6\" data-element_type=\"section\" data-e-type=\"section\">\n\t\t\t\t\t\t<div class=\"elementor-container elementor-column-gap-default\">\n\t\t\t\t\t<div class=\"elementor-column elementor-col-100 elementor-inner-column elementor-element elementor-element-6476abb9\" data-id=\"6476abb9\" data-element_type=\"column\" data-e-type=\"column\">\n\t\t\t<div class=\"elementor-widget-wrap elementor-element-populated\">\n\t\t\t\t\t\t<div class=\"elementor-element elementor-element-45f4f7be elementor-invisible elementor-widget elementor-widget-heading\" data-id=\"45f4f7be\" data-element_type=\"widget\" data-e-type=\"widget\" data-settings=\"{&quot;_animation&quot;:&quot;fadeIn&quot;,&quot;_animation_delay&quot;:100}\" data-widget_type=\"heading.default\">\n\t\t\t\t<div class=\"elementor-widget-container\">\n\t\t\t\t\t<h1 class=\"elementor-heading-title elementor-size-default\">VENTILADORES<\/h1>\t\t\t\t<\/div>\n\t\t\t\t<\/div>\n\t\t\t\t<div class=\"elementor-element elementor-element-1d524f9d elementor-widget elementor-widget-spacer\" data-id=\"1d524f9d\" data-element_type=\"widget\" data-e-type=\"widget\" data-widget_type=\"spacer.default\">\n\t\t\t\t<div class=\"elementor-widget-container\">\n\t\t\t\t\t\t\t<div class=\"elementor-spacer\">\n\t\t\t<div class=\"elementor-spacer-inner\"><\/div>\n\t\t<\/div>\n\t\t\t\t\t\t<\/div>\n\t\t\t\t<\/div>\n\t\t\t\t\t<\/div>\n\t\t<\/div>\n\t\t\t\t\t<\/div>\n\t\t<\/section>\n\t\t\t\t\t<\/div>\n\t\t<\/div>\n\t\t\t\t\t<\/div>\n\t\t<\/header>\n\t\t\t\t<section class=\"elementor-section elementor-top-section elementor-element elementor-element-7e39c1df elementor-section-boxed elementor-section-height-default elementor-section-height-default\" data-id=\"7e39c1df\" data-element_type=\"section\" data-e-type=\"section\" data-settings=\"{&quot;background_background&quot;:&quot;classic&quot;}\">\n\t\t\t\t\t\t\t<div class=\"elementor-background-overlay\"><\/div>\n\t\t\t\t\t\t\t<div class=\"elementor-container elementor-column-gap-default\">\n\t\t\t\t\t<div class=\"elementor-column elementor-col-100 elementor-top-column elementor-element elementor-element-5f06c096\" data-id=\"5f06c096\" data-element_type=\"column\" data-e-type=\"column\">\n\t\t\t<div class=\"elementor-widget-wrap elementor-element-populated\">\n\t\t\t\t\t\t<section class=\"elementor-section elementor-inner-section elementor-element elementor-element-3a25d00d elementor-section-content-middle elementor-reverse-mobile elementor-section-boxed elementor-section-height-default elementor-section-height-default elementor-invisible\" data-id=\"3a25d00d\" data-element_type=\"section\" data-e-type=\"section\" data-settings=\"{&quot;animation&quot;:&quot;fadeIn&quot;,&quot;animation_delay&quot;:150}\">\n\t\t\t\t\t\t<div class=\"elementor-container elementor-column-gap-default\">\n\t\t\t\t\t<div class=\"elementor-column elementor-col-50 elementor-inner-column elementor-element elementor-element-4f78842c\" data-id=\"4f78842c\" data-element_type=\"column\" data-e-type=\"column\">\n\t\t\t<div class=\"elementor-widget-wrap elementor-element-populated\">\n\t\t\t\t\t\t<div class=\"elementor-element elementor-element-7728f471 elementor-invisible elementor-widget elementor-widget-heading\" data-id=\"7728f471\" data-element_type=\"widget\" data-e-type=\"widget\" data-settings=\"{&quot;_animation&quot;:&quot;fadeIn&quot;}\" data-widget_type=\"heading.default\">\n\t\t\t\t<div class=\"elementor-widget-container\">\n\t\t\t\t\t<h2 class=\"elementor-heading-title elementor-size-default\">VENTILADORES CENTR\u00cdFUGOS <\/h2>\t\t\t\t<\/div>\n\t\t\t\t<\/div>\n\t\t\t\t<div class=\"elementor-element elementor-element-126e518a elementor-widget-divider--view-line elementor-invisible elementor-widget elementor-widget-divider\" data-id=\"126e518a\" data-element_type=\"widget\" data-e-type=\"widget\" data-settings=\"{&quot;_animation&quot;:&quot;fadeInUp&quot;}\" data-widget_type=\"divider.default\">\n\t\t\t\t<div class=\"elementor-widget-container\">\n\t\t\t\t\t\t\t<div class=\"elementor-divider\">\n\t\t\t<span class=\"elementor-divider-separator\">\n\t\t\t\t\t\t<\/span>\n\t\t<\/div>\n\t\t\t\t\t\t<\/div>\n\t\t\t\t<\/div>\n\t\t\t\t<div class=\"elementor-element elementor-element-7ab9abb8 elementor-invisible elementor-widget elementor-widget-text-editor\" data-id=\"7ab9abb8\" data-element_type=\"widget\" data-e-type=\"widget\" data-settings=\"{&quot;_animation&quot;:&quot;fadeIn&quot;}\" data-widget_type=\"text-editor.default\">\n\t\t\t\t<div class=\"elementor-widget-container\">\n\t\t\t\t\t\t\t\t\t<p>Son dise\u00f1ados para mover aire o fluidos gaseosos mediante un rotor de aletas que gira dentro de una carcasa en espiral, conocida como voluta. Su funcionamiento se basa en la rotaci\u00f3n del rotor, impulsada generalmente por un motor el\u00e9ctrico, lo que permite generar un flujo de aire controlado y eficiente. Los ventiladores centr\u00edfugos son ideales para aplicaciones industriales gracias a su capacidad de manejar flujos de aire de hasta 40.000 CFM y alcanzar presiones est\u00e1ticas de hasta 1.000 mmCA (40\u201dCA). Seg\u00fan el dise\u00f1o del rotor y la carcasa, se adaptan a sistemas de aire acondicionado, extracci\u00f3n de material particulado, gases o humos, secado industrial, as\u00ed como el manejo de aire o gases calientes.<\/p><p>En D&amp;F S.A.S., fabricamos ventiladores centr\u00edfugos para diversas necesidades y condiciones de operaci\u00f3n, utilizando rotores tipo LS, AH y Airfoil para maximizar la eficiencia y reducir el consumo energ\u00e9tico. Nuestros ventiladores pueden ser fabricados en acero al carb\u00f3n, acero inoxidable o aluminio (para atm\u00f3sferas explosivas), con recubrimientos anticorrosivos y accesorios especializados como h\u00e9lices de enfriamiento para aplicaciones con gases calientes.<\/p>\t\t\t\t\t\t\t\t<\/div>\n\t\t\t\t<\/div>\n\t\t\t\t\t<\/div>\n\t\t<\/div>\n\t\t\t\t<div class=\"elementor-column elementor-col-50 elementor-inner-column elementor-element elementor-element-80fccb2\" data-id=\"80fccb2\" data-element_type=\"column\" data-e-type=\"column\" data-settings=\"{&quot;background_background&quot;:&quot;classic&quot;}\">\n\t\t\t<div class=\"elementor-widget-wrap elementor-element-populated\">\n\t\t\t\t\t<div class=\"elementor-background-overlay\"><\/div>\n\t\t\t\t\t\t<div class=\"elementor-element elementor-element-3b0c0bb elementor-widget elementor-widget-image-carousel\" data-id=\"3b0c0bb\" data-element_type=\"widget\" data-e-type=\"widget\" data-settings=\"{&quot;slides_to_show&quot;:&quot;1&quot;,&quot;navigation&quot;:&quot;none&quot;,&quot;autoplay&quot;:&quot;yes&quot;,&quot;pause_on_hover&quot;:&quot;yes&quot;,&quot;pause_on_interaction&quot;:&quot;yes&quot;,&quot;autoplay_speed&quot;:5000,&quot;infinite&quot;:&quot;yes&quot;,&quot;effect&quot;:&quot;slide&quot;,&quot;speed&quot;:500}\" data-widget_type=\"image-carousel.default\">\n\t\t\t\t<div class=\"elementor-widget-container\">\n\t\t\t\t\t\t\t<div class=\"elementor-image-carousel-wrapper swiper\" role=\"region\" aria-roledescription=\"carousel\" aria-label=\"Carrusel de im\u00e1genes\" dir=\"ltr\">\n\t\t\t<div class=\"elementor-image-carousel swiper-wrapper\" aria-live=\"off\">\n\t\t\t\t\t\t\t\t<div class=\"swiper-slide\" role=\"group\" aria-roledescription=\"slide\" aria-label=\"1 of 1\"><figure class=\"swiper-slide-inner\"><img decoding=\"async\" class=\"swiper-slide-image\" src=\"https:\/\/www.dyf.com.co\/2024\/wp-content\/uploads\/elementor\/thumbs\/Screenshot-2025-01-07-at-11.13.29\u202fPM-qzosiqir72xrcro3frrfv6ocp0mabu2qvdo72gojtk.png\" alt=\"Screenshot 2025-01-07 at 11.13.29\u202fPM\" \/><\/figure><\/div>\t\t\t<\/div>\n\t\t\t\t\t<\/div>\n\t\t\t\t\t\t<\/div>\n\t\t\t\t<\/div>\n\t\t\t\t\t<\/div>\n\t\t<\/div>\n\t\t\t\t\t<\/div>\n\t\t<\/section>\n\t\t\t\t<div class=\"elementor-element elementor-element-53980c6 elementor-widget elementor-widget-text-editor\" data-id=\"53980c6\" data-element_type=\"widget\" data-e-type=\"widget\" data-widget_type=\"text-editor.default\">\n\t\t\t\t<div class=\"elementor-widget-container\">\n\t\t\t\t\t\t\t\t\t<p>Gracias a la experiencia que hemos adquirido por m\u00e1s de 30 a\u00f1os, los colectores de polvo y\/o filtros de mangas de D&amp;F S.A.S. son uno de nuestros productos estrella en el control de contaminaci\u00f3n del aire. Hemos dise\u00f1ado y fabricado una amplia variedad de filtros de mangas, en diversos tipos, tama\u00f1os y formas; ofreciendo soluciones de filtraci\u00f3n de aire que destacan por su eficiencia y durabilidad en aplicaciones industriales.<\/p>\t\t\t\t\t\t\t\t<\/div>\n\t\t\t\t<\/div>\n\t\t\t\t\t<\/div>\n\t\t<\/div>\n\t\t\t\t\t<\/div>\n\t\t<\/section>\n\t\t\t\t<section class=\"elementor-section elementor-top-section elementor-element elementor-element-7fe152b3 elementor-section-boxed elementor-section-height-default elementor-section-height-default\" data-id=\"7fe152b3\" data-element_type=\"section\" data-e-type=\"section\" data-settings=\"{&quot;background_background&quot;:&quot;classic&quot;}\">\n\t\t\t\t\t\t\t<div class=\"elementor-background-overlay\"><\/div>\n\t\t\t\t\t\t\t<div class=\"elementor-container elementor-column-gap-default\">\n\t\t\t\t\t<div class=\"elementor-column elementor-col-100 elementor-top-column elementor-element elementor-element-12aec088\" data-id=\"12aec088\" data-element_type=\"column\" data-e-type=\"column\">\n\t\t\t<div class=\"elementor-widget-wrap elementor-element-populated\">\n\t\t\t\t\t\t<section class=\"elementor-section elementor-inner-section elementor-element elementor-element-7c91b873 elementor-section-content-middle elementor-section-boxed elementor-section-height-default elementor-section-height-default elementor-invisible\" data-id=\"7c91b873\" data-element_type=\"section\" data-e-type=\"section\" data-settings=\"{&quot;animation&quot;:&quot;fadeIn&quot;}\">\n\t\t\t\t\t\t<div class=\"elementor-container elementor-column-gap-default\">\n\t\t\t\t\t<div class=\"elementor-column elementor-col-50 elementor-inner-column elementor-element elementor-element-17ca434b\" data-id=\"17ca434b\" data-element_type=\"column\" data-e-type=\"column\" data-settings=\"{&quot;background_background&quot;:&quot;classic&quot;}\">\n\t\t\t<div class=\"elementor-widget-wrap elementor-element-populated\">\n\t\t\t\t\t<div class=\"elementor-background-overlay\"><\/div>\n\t\t\t\t\t\t<div class=\"elementor-element elementor-element-596defa elementor-widget elementor-widget-image-carousel\" data-id=\"596defa\" data-element_type=\"widget\" data-e-type=\"widget\" data-settings=\"{&quot;slides_to_show&quot;:&quot;1&quot;,&quot;navigation&quot;:&quot;none&quot;,&quot;autoplay&quot;:&quot;yes&quot;,&quot;pause_on_hover&quot;:&quot;yes&quot;,&quot;pause_on_interaction&quot;:&quot;yes&quot;,&quot;autoplay_speed&quot;:5000,&quot;infinite&quot;:&quot;yes&quot;,&quot;effect&quot;:&quot;slide&quot;,&quot;speed&quot;:500}\" data-widget_type=\"image-carousel.default\">\n\t\t\t\t<div class=\"elementor-widget-container\">\n\t\t\t\t\t\t\t<div class=\"elementor-image-carousel-wrapper swiper\" role=\"region\" aria-roledescription=\"carousel\" aria-label=\"Carrusel de im\u00e1genes\" dir=\"ltr\">\n\t\t\t<div class=\"elementor-image-carousel swiper-wrapper\" aria-live=\"off\">\n\t\t\t\t\t\t\t\t<div class=\"swiper-slide\" role=\"group\" aria-roledescription=\"slide\" aria-label=\"1 of 2\"><figure class=\"swiper-slide-inner\"><img decoding=\"async\" class=\"swiper-slide-image\" src=\"https:\/\/www.dyf.com.co\/2024\/wp-content\/uploads\/elementor\/thumbs\/Galeria-Turbos-sopladores-2-scaled-qsl1hqu96us3fnmr3w4bioyfx481lhodbe2ipzc388.jpg\" alt=\"Galeria Turbos sopladores 2\" \/><\/figure><\/div><div class=\"swiper-slide\" role=\"group\" aria-roledescription=\"slide\" aria-label=\"2 of 2\"><figure class=\"swiper-slide-inner\"><img decoding=\"async\" class=\"swiper-slide-image\" src=\"https:\/\/www.dyf.com.co\/2024\/wp-content\/uploads\/elementor\/thumbs\/Galeria-Turbos-sopladores-1-scaled-qsl1hwhabuztdbek6yk2xnj7hfg8voarc5zfln3q6w.jpg\" alt=\"Galeria Turbos sopladores 1\" \/><\/figure><\/div>\t\t\t<\/div>\n\t\t\t\t\t\t\t\n\t\t\t\t\t\t\t\t\t<\/div>\n\t\t\t\t\t\t<\/div>\n\t\t\t\t<\/div>\n\t\t\t\t\t<\/div>\n\t\t<\/div>\n\t\t\t\t<div class=\"elementor-column elementor-col-50 elementor-inner-column elementor-element elementor-element-2a3675cc\" data-id=\"2a3675cc\" data-element_type=\"column\" data-e-type=\"column\">\n\t\t\t<div class=\"elementor-widget-wrap elementor-element-populated\">\n\t\t\t\t\t\t<div class=\"elementor-element elementor-element-645cfb62 elementor-invisible elementor-widget elementor-widget-heading\" data-id=\"645cfb62\" data-element_type=\"widget\" data-e-type=\"widget\" data-settings=\"{&quot;_animation&quot;:&quot;fadeIn&quot;}\" data-widget_type=\"heading.default\">\n\t\t\t\t<div class=\"elementor-widget-container\">\n\t\t\t\t\t<h2 class=\"elementor-heading-title elementor-size-default\">TURBOSOPLADORES<\/h2>\t\t\t\t<\/div>\n\t\t\t\t<\/div>\n\t\t\t\t<div class=\"elementor-element elementor-element-741dfe51 elementor-widget-divider--view-line elementor-invisible elementor-widget elementor-widget-divider\" data-id=\"741dfe51\" data-element_type=\"widget\" data-e-type=\"widget\" data-settings=\"{&quot;_animation&quot;:&quot;fadeInUp&quot;}\" data-widget_type=\"divider.default\">\n\t\t\t\t<div class=\"elementor-widget-container\">\n\t\t\t\t\t\t\t<div class=\"elementor-divider\">\n\t\t\t<span class=\"elementor-divider-separator\">\n\t\t\t\t\t\t<\/span>\n\t\t<\/div>\n\t\t\t\t\t\t<\/div>\n\t\t\t\t<\/div>\n\t\t\t\t<div class=\"elementor-element elementor-element-37da3d elementor-invisible elementor-widget elementor-widget-text-editor\" data-id=\"37da3d\" data-element_type=\"widget\" data-e-type=\"widget\" data-settings=\"{&quot;_animation&quot;:&quot;fadeIn&quot;}\" data-widget_type=\"text-editor.default\">\n\t\t\t\t<div class=\"elementor-widget-container\">\n\t\t\t\t\t\t\t\t\t<p>Los turbosopladores son equipos utilizados para mover aire o gases con alta eficiencia, pues alcanzan presiones superiores a las de los ventiladores centr\u00edfugos. Funcionan mediante un rotor acoplado directamente al motor, operando a velocidades de giro elevadas, generalmente de 3.600 RPM. Gracias a sus rotores m\u00e1s angostos, los turbosopladores logran presiones est\u00e1ticas de hasta 2.100 mmCA (83\u201dCA), aunque con un menor caudal que un ventilador convencional, lo que los hace ideales para aplicaciones que requieren presi\u00f3n en lugar de flujo. Son recomendables para optimizar procesos como aireaci\u00f3n, transporte neum\u00e1tico, secado y ventilaci\u00f3n.<\/p><p>En D&amp;F S.A.S., fabricamos turbosopladores para transportes neum\u00e1ticos y procesos industriales que requieren bajo caudal y mediana presi\u00f3n. Nuestros equipos combinan alta eficiencia, bajo consumo energ\u00e9tico y un dise\u00f1o robusto que garantiza durabilidad y desempe\u00f1o confiable.<\/p>\t\t\t\t\t\t\t\t<\/div>\n\t\t\t\t<\/div>\n\t\t\t\t\t<\/div>\n\t\t<\/div>\n\t\t\t\t\t<\/div>\n\t\t<\/section>\n\t\t\t\t\t<\/div>\n\t\t<\/div>\n\t\t\t\t\t<\/div>\n\t\t<\/section>\n\t\t\t\t<\/div>\n\t\t","protected":false},"excerpt":{"rendered":"<p>VENTILADORES VENTILADORES CENTR\u00cdFUGOS Son dise\u00f1ados para mover aire o fluidos gaseosos mediante un rotor de aletas que gira dentro de una carcasa en espiral, conocida como voluta. Su funcionamiento se basa en la rotaci\u00f3n del rotor, impulsada generalmente por un motor el\u00e9ctrico, lo que permite generar un flujo de aire controlado y eficiente. Los ventiladores [&hellip;]<\/p>\n","protected":false},"author":1,"featured_media":0,"parent":0,"menu_order":0,"comment_status":"closed","ping_status":"closed","template":"","meta":{"footnotes":""},"class_list":["post-1734","page","type-page","status-publish","hentry"],"_links":{"self":[{"href":"https:\/\/www.dyf.com.co\/2024\/index.php?rest_route=\/wp\/v2\/pages\/1734","targetHints":{"allow":["GET"]}}],"collection":[{"href":"https:\/\/www.dyf.com.co\/2024\/index.php?rest_route=\/wp\/v2\/pages"}],"about":[{"href":"https:\/\/www.dyf.com.co\/2024\/index.php?rest_route=\/wp\/v2\/types\/page"}],"author":[{"embeddable":true,"href":"https:\/\/www.dyf.com.co\/2024\/index.php?rest_route=\/wp\/v2\/users\/1"}],"replies":[{"embeddable":true,"href":"https:\/\/www.dyf.com.co\/2024\/index.php?rest_route=%2Fwp%2Fv2%2Fcomments&post=1734"}],"version-history":[{"count":13,"href":"https:\/\/www.dyf.com.co\/2024\/index.php?rest_route=\/wp\/v2\/pages\/1734\/revisions"}],"predecessor-version":[{"id":1934,"href":"https:\/\/www.dyf.com.co\/2024\/index.php?rest_route=\/wp\/v2\/pages\/1734\/revisions\/1934"}],"wp:attachment":[{"href":"https:\/\/www.dyf.com.co\/2024\/index.php?rest_route=%2Fwp%2Fv2%2Fmedia&parent=1734"}],"curies":[{"name":"wp","href":"https:\/\/api.w.org\/{rel}","templated":true}]}}